{"id":834,"date":"2018-08-29T18:54:57","date_gmt":"2018-08-29T21:54:57","guid":{"rendered":"https:\/\/isfd104-bue.infd.edu.ar\/sitio\/historia\/"},"modified":"2021-02-02T18:50:54","modified_gmt":"2021-02-02T21:50:54","slug":"historia","status":"publish","type":"page","link":"https:\/\/isfd104-bue.infd.edu.ar\/sitio\/historia\/","title":{"rendered":"Historia"},"content":{"rendered":"<p><span style=\"color: #008080; font-family: arial,helvetica,sans-serif; font-size: 12pt;\"><strong>Un poco de histor\u00eda sobre el \u00abNormal\u00bb de Quilmes&#8230;<\/strong> <\/span><\/p>\n<p><span style=\"font-family: verdana,geneva;\">\u00a0\u00a0\u00a0\u00a0\u00a0 En 1911 Atanasio Lanz, al asumir el cargo de Inspector T\u00e9cnico de Escuelas de la provincia de Buenos Aires, en su discurso inicial, manifiesta su deseo de concretar la creaci\u00f3n de una escuela Normal en Quilmes. Expresa:<\/span><br \/>\n<span style=\"font-family: verdana,geneva;\">\u00a0\u00a0\u00a0 \u201c<em>La ense\u00f1anza de Quilmes necesita para su progreso y perfeccionamiento una Escuela Normal, donde vayan los ni\u00f1os con todas las comodidades y en forma poco onerosa obtengan el t\u00edtulo que los acredite como educadores y para que una vez recibidos apliquen su saber principalmente, en las escuelas del distrito<\/em>\u201d<\/span><\/p>\n<p><span style=\"font-family: verdana,geneva;\">\u00a0\u00a0\u00a0\u00a0 Se forma una comisi\u00f3n presidida por el Dr Ungaro, que eleva a la C\u00e1mara de Diputados de la Naci\u00f3n, un petitorio apoyando la creaci\u00f3n del colegio.<\/span><br \/>\n<span style=\"font-family: verdana,geneva;\">El 26 de septiembre de 1912, se crea la Escuela Normal de maestras, por Ley de Presupuesto Nacional.<\/span><\/p>\n<p><span style=\"font-family: verdana,geneva;\">\u00a0\u00a0\u00a0\u00a0 Se nombra Director al profesor Jos\u00e9 Sosa del Valle y sub. Director al profesor Olivio Acosta.Se inaugura oficialmente el 23 de octubre, en instalaciones cedidas por la Escuela N\u00b0 1 Bernardino Rivadavia. Una placa lo recuerda: \u00ab<em>Brind\u00f3 sus aulas para posibilitar su fundaci\u00f3n<\/em>\u00ab<\/span><\/p>\n<p><span style=\"font-family: verdana,geneva;\">Este a\u00f1o estamos cumpliendo nuestros cien primeros a\u00f1os<\/span><\/p>\n<p><iframe loading=\"lazy\" style=\"border: 1px solid #CCC; border-width: 1px; margin-bottom: 5px; max-width: 100%;\" src=\"\/\/www.slideshare.net\/slideshow\/embed_code\/key\/xNWZwBn8LlFYUv?wmode=transparent\" width=\"595\" height=\"485\" frameborder=\"0\" marginwidth=\"0\" marginheight=\"0\" scrolling=\"no\" allowfullscreen=\"allowfullscreen\"><\/iframe><\/p>\n<div style=\"margin-bottom: 5px;\"><strong> <a title=\"Historia de la Escuela\" href=\"\/\/www.slideshare.net\/escuelamedia20\/historia-de-la-escuela-presentation\" target=\"_blank\" rel=\"noopener\">Historia de la Escuela<\/a> <\/strong> de <strong><a href=\"\/\/www.slideshare.net\/escuelamedia20\" target=\"_blank\" rel=\"noopener\">escuelamedia20<\/a><\/strong><\/div>\n","protected":false},"excerpt":{"rendered":"<p>Un poco de histor\u00eda sobre el \u00abNormal\u00bb de Quilmes&#8230; \u00a0\u00a0\u00a0\u00a0\u00a0 En 1911 Atanasio Lanz, al asumir el cargo de Inspector T\u00e9cnico de Escuelas de la provincia de Buenos Aires, en su discurso inicial, manifiesta su deseo de concretar la creaci\u00f3n de una escuela Normal en Quilmes. Expresa: \u00a0\u00a0\u00a0 \u201cLa ense\u00f1anza de Quilmes necesita para su &#8230; <a title=\"Historia\" class=\"read-more\" href=\"https:\/\/isfd104-bue.infd.edu.ar\/sitio\/historia\/\" aria-label=\"More on Historia\">[+]<\/a><\/p>\n","protected":false},"author":683,"featured_media":0,"parent":0,"menu_order":0,"comment_status":"closed","ping_status":"closed","template":"","meta":[],"acf":[],"_links":{"self":[{"href":"https:\/\/isfd104-bue.infd.edu.ar\/sitio\/wp-json\/wp\/v2\/pages\/834"}],"collection":[{"href":"https:\/\/isfd104-bue.infd.edu.ar\/sitio\/wp-json\/wp\/v2\/pages"}],"about":[{"href":"https:\/\/isfd104-bue.infd.edu.ar\/sitio\/wp-json\/wp\/v2\/types\/page"}],"author":[{"embeddable":true,"href":"https:\/\/isfd104-bue.infd.edu.ar\/sitio\/wp-json\/wp\/v2\/users\/683"}],"replies":[{"embeddable":true,"href":"https:\/\/isfd104-bue.infd.edu.ar\/sitio\/wp-json\/wp\/v2\/comments?post=834"}],"version-history":[{"count":1,"href":"https:\/\/isfd104-bue.infd.edu.ar\/sitio\/wp-json\/wp\/v2\/pages\/834\/revisions"}],"predecessor-version":[{"id":2208,"href":"https:\/\/isfd104-bue.infd.edu.ar\/sitio\/wp-json\/wp\/v2\/pages\/834\/revisions\/2208"}],"wp:attachment":[{"href":"https:\/\/isfd104-bue.infd.edu.ar\/sitio\/wp-json\/wp\/v2\/media?parent=834"}],"curies":[{"name":"wp","href":"https:\/\/api.w.org\/{rel}","templated":true}]}}