{"id":841,"date":"2018-08-29T18:55:00","date_gmt":"2018-08-29T21:55:00","guid":{"rendered":"https:\/\/isfd104-bue.infd.edu.ar\/sitio\/profesorado-de-educacion-secundaria-en-geografia-2\/"},"modified":"2026-04-05T18:53:19","modified_gmt":"2026-04-05T21:53:19","slug":"profesorado-de-educacion-secundaria-en-geografia-2","status":"publish","type":"page","link":"https:\/\/isfd104-bue.infd.edu.ar\/sitio\/profesorado-de-educacion-secundaria-en-geografia-2\/","title":{"rendered":"Profesorado de Educaci\u00f3n Secundaria en Geografia"},"content":{"rendered":"<p><img decoding=\"async\" loading=\"lazy\" class=\"size-full wp-image-4178 aligncenter\" src=\"https:\/\/isfd104-bue.infd.edu.ar\/sitio\/wp-content\/uploads\/2026\/03\/geografia2.png\" alt=\"\" width=\"597\" height=\"224\" \/><\/p>\n<p style=\"text-align: center;\"><strong><a href=\"https:\/\/docs.google.com\/spreadsheets\/d\/16MBwn-9LRMB_QyEFMsOfnqca-mqUdSzuj1WabRMJOyg\/edit?usp=sharing\">Horarios de cursada 2026<\/a><\/strong><\/p>\n<p style=\"text-align: center;\"><a href=\"https:\/\/docs.google.com\/spreadsheets\/d\/1ZzF-0EN_oSvUjkQDWs2fxLJz8AkmIlf-\/edit?usp=sharing&amp;ouid=110995977915341335367&amp;rtpof=true&amp;sd=true\"><strong>Aulas\u00a0<\/strong><\/a><\/p>\n<p style=\"text-align: center;\"><a href=\"https:\/\/drive.google.com\/file\/d\/16DIV3OyPqTVCQ_TAiMp7q6pKcNToOl59\/view?usp=sharing\"><strong>\u00a0Calendario 2026<\/strong><\/a><\/p>\n<p style=\"text-align: center;\"><strong><a href=\"https:\/\/drive.google.com\/file\/d\/1mBE4TlJ4KPvt5cCTo7xKDWPq0ZRBC_z2\/view?usp=sharing\">Correlatividades del Profesorado en Educaci\u00f3n Secundaria en Geograf\u00eda<\/a><\/strong><\/p>\n<p style=\"text-align: center;\"><a href=\"https:\/\/abc.gob.ar\/secretarias\/sites\/default\/files\/2023-02\/IF-2022-40272975-GDEBA-SSEDGCYE%20Y%20GEOGRAF%C3%8DA_compressed.pdf\"><strong>Dise\u00f1o Curricular del Profesorado de Educaci\u00f3n Secundaria en Geograf\u00eda<\/strong><\/a><\/p>\n","protected":false},"excerpt":{"rendered":"<p>Horarios de cursada 2026 Aulas\u00a0 \u00a0Calendario 2026 Correlatividades del Profesorado en Educaci\u00f3n Secundaria en Geograf\u00eda Dise\u00f1o Curricular del Profesorado de Educaci\u00f3n Secundaria en Geograf\u00eda<\/p>\n","protected":false},"author":683,"featured_media":0,"parent":0,"menu_order":0,"comment_status":"closed","ping_status":"closed","template":"","meta":[],"acf":[],"_links":{"self":[{"href":"https:\/\/isfd104-bue.infd.edu.ar\/sitio\/wp-json\/wp\/v2\/pages\/841"}],"collection":[{"href":"https:\/\/isfd104-bue.infd.edu.ar\/sitio\/wp-json\/wp\/v2\/pages"}],"about":[{"href":"https:\/\/isfd104-bue.infd.edu.ar\/sitio\/wp-json\/wp\/v2\/types\/page"}],"author":[{"embeddable":true,"href":"https:\/\/isfd104-bue.infd.edu.ar\/sitio\/wp-json\/wp\/v2\/users\/683"}],"replies":[{"embeddable":true,"href":"https:\/\/isfd104-bue.infd.edu.ar\/sitio\/wp-json\/wp\/v2\/comments?post=841"}],"version-history":[{"count":19,"href":"https:\/\/isfd104-bue.infd.edu.ar\/sitio\/wp-json\/wp\/v2\/pages\/841\/revisions"}],"predecessor-version":[{"id":4329,"href":"https:\/\/isfd104-bue.infd.edu.ar\/sitio\/wp-json\/wp\/v2\/pages\/841\/revisions\/4329"}],"wp:attachment":[{"href":"https:\/\/isfd104-bue.infd.edu.ar\/sitio\/wp-json\/wp\/v2\/media?parent=841"}],"curies":[{"name":"wp","href":"https:\/\/api.w.org\/{rel}","templated":true}]}}