{"id":870,"date":"2018-08-29T18:55:14","date_gmt":"2018-08-29T21:55:14","guid":{"rendered":"https:\/\/isfd104-bue.infd.edu.ar\/sitio\/informacion-para-egresados\/"},"modified":"2026-03-07T10:52:26","modified_gmt":"2026-03-07T13:52:26","slug":"informacion-para-egresados","status":"publish","type":"page","link":"https:\/\/isfd104-bue.infd.edu.ar\/sitio\/informacion-para-egresados\/","title":{"rendered":"Informaci\u00f3n para egresados"},"content":{"rendered":"<p>\u00a0<\/p>\n<p><a href=\"https:\/\/isfd104-bue.infd.edu.ar\/sitio\/wp-content\/uploads\/2022\/03\/Solicitud-de-titulo.xlsx-.pdf\">Enlace para ver\/descargar: #Solicitud de t\u00edtulo.xlsx &#8211;<\/a><\/p>\n<hr \/>\n\n\n<h6 class=\"wp-block-heading\">Estimad@s alumn@s&nbsp; ( de segundo a cuarto a\u00f1o)<\/h6>\n\n\n\n<h6 class=\"wp-block-heading\">De la Oficina de T\u00edtulos les informamos que a partir del d\u00eda 4-4-22, podr\u00e1n presentar actualizaci\u00f3n de la carga de sus TRAYECTORIAS ACAD\u00c9MICAS (ex carga matriz) para hacerlo deber\u00e1n enviarla por correo a su Preceptor de carrera y a la OFICINA DE TITULOS ( <a href=\"mailto:isfd104tituloentramite@gmail.com\">isfd104tituloentramite@gmail.com<\/a> )<\/h6>\n\n\n\n<p>ACLARACI\u00d3N<\/p>\n\n\n\n<ol type=\"1\">\n<li>Si en alg\u00fan momento presentaste tu TRAYECTORIA ACADEMICA, s\u00f3lo deber\u00e1s agregar, en la planilla anterior, los datos de los nuevos finales y enviarla por correo<\/li>\n<\/ol>\n\n\n\n<p>(si no la ten\u00e9s guardada solic\u00edtala al mismo correo)<\/p>\n\n\n\n<ul>\n<li>Si la vas a enviar por primera vez, descarga la planilla que corresponde a tu carrera y completala siguiendo las indicaciones.<\/li>\n\n\n\n<li>Usar la libreta estudiantil para completar los datos solicitados<\/li>\n\n\n\n<li>Si rindiste de manera virtual, encontrar\u00e1s un documento ASIGNACION DE LIBRO Y FOLIO Con el detalle de todas las mesas que se realizaron en esa modalidad durante la PANDEMIA<\/li>\n\n\n\n<li><strong>ES MUY IMPORTANTE:<\/strong><\/li>\n<\/ul>\n\n\n\n<p>&nbsp;QUE AL PONER LA FECHA DETALLES DIA MES Y A\u00d1O<\/p>\n\n\n\n<p>&nbsp;QUE MANTENGAS EL FOEMATO WORD.<\/p>\n","protected":false},"excerpt":{"rendered":"<p>\u00a0 Enlace para ver\/descargar: #Solicitud de t\u00edtulo.xlsx &#8211; Estimad@s alumn@s&nbsp; ( de segundo a cuarto a\u00f1o) De la Oficina de T\u00edtulos les informamos que a partir del d\u00eda 4-4-22, podr\u00e1n presentar actualizaci\u00f3n de la carga de sus TRAYECTORIAS ACAD\u00c9MICAS (ex carga matriz) para hacerlo deber\u00e1n enviarla por correo a su Preceptor de carrera y a &#8230; <a title=\"Informaci\u00f3n para egresados\" class=\"read-more\" href=\"https:\/\/isfd104-bue.infd.edu.ar\/sitio\/informacion-para-egresados\/\" aria-label=\"More on Informaci\u00f3n para egresados\">[+]<\/a><\/p>\n","protected":false},"author":683,"featured_media":0,"parent":0,"menu_order":0,"comment_status":"closed","ping_status":"closed","template":"","meta":[],"acf":[],"_links":{"self":[{"href":"https:\/\/isfd104-bue.infd.edu.ar\/sitio\/wp-json\/wp\/v2\/pages\/870"}],"collection":[{"href":"https:\/\/isfd104-bue.infd.edu.ar\/sitio\/wp-json\/wp\/v2\/pages"}],"about":[{"href":"https:\/\/isfd104-bue.infd.edu.ar\/sitio\/wp-json\/wp\/v2\/types\/page"}],"author":[{"embeddable":true,"href":"https:\/\/isfd104-bue.infd.edu.ar\/sitio\/wp-json\/wp\/v2\/users\/683"}],"replies":[{"embeddable":true,"href":"https:\/\/isfd104-bue.infd.edu.ar\/sitio\/wp-json\/wp\/v2\/comments?post=870"}],"version-history":[{"count":5,"href":"https:\/\/isfd104-bue.infd.edu.ar\/sitio\/wp-json\/wp\/v2\/pages\/870\/revisions"}],"predecessor-version":[{"id":4234,"href":"https:\/\/isfd104-bue.infd.edu.ar\/sitio\/wp-json\/wp\/v2\/pages\/870\/revisions\/4234"}],"wp:attachment":[{"href":"https:\/\/isfd104-bue.infd.edu.ar\/sitio\/wp-json\/wp\/v2\/media?parent=870"}],"curies":[{"name":"wp","href":"https:\/\/api.w.org\/{rel}","templated":true}]}}