{"id":933,"date":"2018-08-29T18:55:47","date_gmt":"2018-08-29T21:55:47","guid":{"rendered":"https:\/\/isfd104-bue.infd.edu.ar\/sitio\/presentacion\/"},"modified":"2024-04-11T16:31:57","modified_gmt":"2024-04-11T19:31:57","slug":"presentacion-y-ediciones","status":"publish","type":"page","link":"https:\/\/isfd104-bue.infd.edu.ar\/sitio\/presentacion-y-ediciones\/","title":{"rendered":"Presentaci\u00f3n"},"content":{"rendered":"\n<p>\u00abEl Provocador re\u00fane una serie de escritos elaborados por estudiantes y profesores del I.S.F.D. Nro. 104 de Quilmes en torno a las problem\u00e1ticas educativas actuales. Es un proyecto surgido en el marco del Taller Integrador Interdisciplinario (TAIN) de dicho Instituto. Tiene por objetivo divulgar propuestas y reflexiones educativas con el fin de aportar ideas movilizantes para la pr\u00e1ctica docente. Conscientes de los desaf\u00edos que conlleva la pr\u00e1ctica actual, \u00abEl Provocador\u00bb nace ,&nbsp;&nbsp;con el esp\u00edritu&nbsp;&nbsp;de&nbsp;<em><strong>un&nbsp;canto rodado que perturba<\/strong><\/em>, invitando al movimiento, al cambio, generando espacios que auspicien la pregunta, para poder as\u00ed ensayar respuestas.\u00bb<\/p>\n\n\n\n<h5 class=\"wp-block-heading\">Edici\u00f3n 2023<\/h5>\n\n\n\n<p><a href=\"https:\/\/www.calameo.com\/books\/004063968b56ce05296e1\" target=\"_blank\" rel=\"noreferrer noopener\">@El Provocador 2023 Ultima Versi\u00f3n<\/a><\/p>\n\n\n\n<div style=\"text-align:center;\"><div style=\"margin:8px 0px 4px;\"><a href=\"https:\/\/www.calameo.com\/books\/004063968b56ce05296e1\" target=\"_blank\" rel=\"noopener\">@El Provocador 2023 Ultima Versi\u00f3n<\/a><\/div><iframe loading=\"lazy\" src=\"\/\/v.calameo.com\/?bkcode=004063968b56ce05296e1\" width=\"300\" height=\"194\" frameborder=\"0\" scrolling=\"no\" allowtransparency allowfullscreen style=\"margin:0 auto;\"><\/iframe><div style=\"margin:4px 0px 8px;\"><a href=\"http:\/\/www.calameo.com\/\">Publish at Calameo<\/a><\/div><\/div>\n\n\n\n<p><\/p>\n\n\n\n<h5 class=\"wp-block-heading\">Edici\u00f3n 2022<\/h5>\n\n\n\n<div style=\"text-align:center;\"><div style=\"margin:8px 0px 4px;\"><a href=\"https:\/\/www.calameo.com\/books\/004063968f77509568ae8\" target=\"_blank\" rel=\"noopener\">Revista El Provocador 5ta<\/a><\/div><iframe loading=\"lazy\" src=\"\/\/v.calameo.com\/?bkcode=004063968f77509568ae8\" width=\"300\" height=\"194\" frameborder=\"0\" scrolling=\"no\" allowtransparency allowfullscreen style=\"margin:0 auto;\"><\/iframe><div style=\"margin:4px 0px 8px;\"><a href=\"http:\/\/www.calameo.com\/\">Publish at Calameo<\/a><\/div><\/div>\n\n\n<p><\/p>\n<div>\n<h3>&nbsp;<\/h3>\n<h4><strong>Ediciones anteriores<\/strong><\/h4>\n<hr><\/div>\n<p>2014<\/p>\n<div style=\"text-align: center;\">\n<div style=\"margin: 8px 0px 4px;\"><a href=\"https:\/\/www.calameo.com\/books\/004063968f31664caf442\" target=\"_blank\" rel=\"noopener\">El Provocador<\/a><\/div>\n<p><iframe loading=\"lazy\" style=\"margin: 0 auto;\" src=\"\/\/v.calameo.com\/?bkcode=004063968f31664caf442\" width=\"300\" height=\"194\" frameborder=\"0\" scrolling=\"no\" allowfullscreen=\"allowfullscreen\"><\/iframe><\/p>\n<div style=\"margin: 4px 0px 8px;\"><a href=\"http:\/\/www.calameo.com\/\">Publish at Calameo<\/a><\/div>\n<\/div>\n<hr>\n<p>2016<\/p>\n<div style=\"text-align: center;\">\n<div style=\"margin: 8px 0px 4px;\"><a href=\"https:\/\/www.calameo.com\/books\/004063968fa66fe59d67d\" target=\"_blank\" rel=\"noopener\">El Provocador 2016<\/a><\/div>\n<p><iframe loading=\"lazy\" style=\"margin: 0 auto;\" src=\"\/\/v.calameo.com\/?bkcode=004063968fa66fe59d67d\" width=\"300\" height=\"194\" frameborder=\"0\" scrolling=\"no\" allowfullscreen=\"allowfullscreen\"><\/iframe><\/p>\n<div style=\"margin: 4px 0px 8px;\">&nbsp;<\/div>\n<\/div>\n<hr>\n<p>2018<\/p>\n<div style=\"text-align: center;\">\n<div style=\"margin: 8px 0px 4px;\"><a href=\"https:\/\/www.calameo.com\/books\/00564294524d398d373f0\" target=\"_blank\" rel=\"noopener\">El Provocador 2018<\/a><\/div>\n<p><iframe loading=\"lazy\" style=\"margin: 0 auto;\" src=\"\/\/v.calameo.com\/?bkcode=00564294524d398d373f0\" width=\"300\" height=\"194\" frameborder=\"0\" scrolling=\"no\" allowfullscreen=\"allowfullscreen\"><\/iframe><\/p>\n<div style=\"margin: 4px 0px 8px;\">&nbsp;<\/div>\n<\/div>\n<p>2019<\/p>\n<div style=\"text-align: center;\">\n<div style=\"margin: 8px 0px 4px;\"><a href=\"https:\/\/www.calameo.com\/books\/005953945037768caa9c0\" target=\"_blank\" rel=\"noopener\">El Provocador 2019<\/a><\/div>\n<p><iframe loading=\"lazy\" style=\"margin: 0 auto;\" src=\"\/\/v.calameo.com\/?bkcode=005953945037768caa9c0\" width=\"300\" height=\"194\" frameborder=\"0\" scrolling=\"no\" allowfullscreen=\"allowfullscreen\"><\/iframe><\/p>\n<p style=\"text-align: left;\">2022<\/p>\n<div style=\"margin: 4px 0px 8px;\">&nbsp;<\/div>\n<\/div>","protected":false},"excerpt":{"rendered":"<p>\u00abEl Provocador re\u00fane una serie de escritos elaborados por estudiantes y profesores del I.S.F.D. Nro. 104 de Quilmes en torno a las problem\u00e1ticas educativas actuales. Es un proyecto surgido en el marco del Taller Integrador Interdisciplinario (TAIN) de dicho Instituto. Tiene por objetivo divulgar propuestas y reflexiones educativas con el fin de aportar ideas movilizantes &#8230; <a title=\"Presentaci\u00f3n\" class=\"read-more\" href=\"https:\/\/isfd104-bue.infd.edu.ar\/sitio\/presentacion-y-ediciones\/\" aria-label=\"More on Presentaci\u00f3n\">[+]<\/a><\/p>\n","protected":false},"author":683,"featured_media":0,"parent":0,"menu_order":0,"comment_status":"closed","ping_status":"closed","template":"","meta":[],"acf":[],"_links":{"self":[{"href":"https:\/\/isfd104-bue.infd.edu.ar\/sitio\/wp-json\/wp\/v2\/pages\/933"}],"collection":[{"href":"https:\/\/isfd104-bue.infd.edu.ar\/sitio\/wp-json\/wp\/v2\/pages"}],"about":[{"href":"https:\/\/isfd104-bue.infd.edu.ar\/sitio\/wp-json\/wp\/v2\/types\/page"}],"author":[{"embeddable":true,"href":"https:\/\/isfd104-bue.infd.edu.ar\/sitio\/wp-json\/wp\/v2\/users\/683"}],"replies":[{"embeddable":true,"href":"https:\/\/isfd104-bue.infd.edu.ar\/sitio\/wp-json\/wp\/v2\/comments?post=933"}],"version-history":[{"count":11,"href":"https:\/\/isfd104-bue.infd.edu.ar\/sitio\/wp-json\/wp\/v2\/pages\/933\/revisions"}],"predecessor-version":[{"id":3623,"href":"https:\/\/isfd104-bue.infd.edu.ar\/sitio\/wp-json\/wp\/v2\/pages\/933\/revisions\/3623"}],"wp:attachment":[{"href":"https:\/\/isfd104-bue.infd.edu.ar\/sitio\/wp-json\/wp\/v2\/media?parent=933"}],"curies":[{"name":"wp","href":"https:\/\/api.w.org\/{rel}","templated":true}]}}