{"id":937,"date":"2018-08-29T18:55:49","date_gmt":"2018-08-29T21:55:49","guid":{"rendered":"https:\/\/isfd104-bue.infd.edu.ar\/sitio\/prog-r-es-ar\/"},"modified":"2026-04-07T14:34:57","modified_gmt":"2026-04-07T17:34:57","slug":"prog-r-es-ar","status":"publish","type":"page","link":"https:\/\/isfd104-bue.infd.edu.ar\/sitio\/prog-r-es-ar\/","title":{"rendered":"PROG.R.ES.AR"},"content":{"rendered":"\n<p>Estimadas\/os,<\/p>\n\n\n\n<p>Nos comunicamos para informarles sobre la apertura de la Primera Convocatoria 2026 del Programa Progresar.<\/p>\n\n\n\n<p>Las y los aspirantes a la l\u00ednea Progresar Superior podr\u00e1n inscribirse desde hoy 7 de abril hasta el 30 de abril.<br>A continuaci\u00f3n, se detallan los puntos clave para esta etapa:<\/p>\n\n\n\n<p>Inscripci\u00f3n: Para iniciar el proceso, las y los postulantes deber\u00e1n contar con un usuario propio en Mi Argentina. Este paso es fundamental para certificar la identidad de forma directa y sin intermediarios.<br>Requisitos: Se mantienen vigentes las condiciones de edad e ingresos, as\u00ed como la acreditaci\u00f3n de asistencia y avance acad\u00e9mico. .<br>Adjuntos:<br>Instructivo para estudiantes sobre el uso de la nueva plataforma.<br>Reglamento 2026.<br>Gu\u00eda para instituciones, dise\u00f1ada para que los establecimientos puedan familiarizarse con el nuevo entorno y realizar el seguimiento de sus estudiantes.<br>Brief informativo con material visual para facilitar la difusi\u00f3n del programa.<br>Agradecemos su colaboraci\u00f3n en la difusi\u00f3n de esta informaci\u00f3n.<br>Quedamos a disposici\u00f3n .<\/p>\n\n\n\n<p>Equipo de becas<\/p>\n\n\n\n<iframe loading=\"lazy\" src=\"https:\/\/drive.google.com\/file\/d\/15bMXaXOrck79uoaX1ut3UvMvYYky_v3a\/preview\" width=\"640\" height=\"480\"><\/iframe>\n\n\n\n<iframe loading=\"lazy\" src=\"https:\/\/drive.google.com\/file\/d\/1Vs_UNSG0QTCjRrLgojZfb2rUGpOTr01c\/preview\" width=\"640\" height=\"480\"><\/iframe>\n\n\n\n<iframe loading=\"lazy\" src=\"https:\/\/drive.google.com\/file\/d\/14m-D8i1euBaCCyru7OxeJoyoYW6AWdRo\/preview\" width=\"640\" height=\"480\"><\/iframe>\n\n\n\n<iframe loading=\"lazy\" src=\"https:\/\/drive.google.com\/file\/d\/1hcnZFzqq72b-sJ4FSCq9GS5QbgoeDAlj\/preview\" width=\"640\" height=\"480\"><\/iframe>\n","protected":false},"excerpt":{"rendered":"<p>Estimadas\/os, Nos comunicamos para informarles sobre la apertura de la Primera Convocatoria 2026 del Programa Progresar. Las y los aspirantes a la l\u00ednea Progresar Superior podr\u00e1n inscribirse desde hoy 7 de abril hasta el 30 de abril.A continuaci\u00f3n, se detallan los puntos clave para esta etapa: Inscripci\u00f3n: Para iniciar el proceso, las y los postulantes &#8230; <a title=\"PROG.R.ES.AR\" class=\"read-more\" href=\"https:\/\/isfd104-bue.infd.edu.ar\/sitio\/prog-r-es-ar\/\" aria-label=\"More on PROG.R.ES.AR\">[+]<\/a><\/p>\n","protected":false},"author":683,"featured_media":0,"parent":0,"menu_order":0,"comment_status":"closed","ping_status":"closed","template":"","meta":[],"acf":[],"_links":{"self":[{"href":"https:\/\/isfd104-bue.infd.edu.ar\/sitio\/wp-json\/wp\/v2\/pages\/937"}],"collection":[{"href":"https:\/\/isfd104-bue.infd.edu.ar\/sitio\/wp-json\/wp\/v2\/pages"}],"about":[{"href":"https:\/\/isfd104-bue.infd.edu.ar\/sitio\/wp-json\/wp\/v2\/types\/page"}],"author":[{"embeddable":true,"href":"https:\/\/isfd104-bue.infd.edu.ar\/sitio\/wp-json\/wp\/v2\/users\/683"}],"replies":[{"embeddable":true,"href":"https:\/\/isfd104-bue.infd.edu.ar\/sitio\/wp-json\/wp\/v2\/comments?post=937"}],"version-history":[{"count":12,"href":"https:\/\/isfd104-bue.infd.edu.ar\/sitio\/wp-json\/wp\/v2\/pages\/937\/revisions"}],"predecessor-version":[{"id":4338,"href":"https:\/\/isfd104-bue.infd.edu.ar\/sitio\/wp-json\/wp\/v2\/pages\/937\/revisions\/4338"}],"wp:attachment":[{"href":"https:\/\/isfd104-bue.infd.edu.ar\/sitio\/wp-json\/wp\/v2\/media?parent=937"}],"curies":[{"name":"wp","href":"https:\/\/api.w.org\/{rel}","templated":true}]}}